{"id":11157,"date":"2022-11-22T08:45:53","date_gmt":"2022-11-22T07:45:53","guid":{"rendered":"https:\/\/greenmoow.com\/?page_id=11157"},"modified":"2023-07-19T11:02:43","modified_gmt":"2023-07-19T09:02:43","slug":"segway-ninebot","status":"publish","type":"page","link":"http:\/\/greenmoow.com\/index.php\/segway-ninebot\/","title":{"rendered":"Segway-Ninebot"},"content":{"rendered":"\n<h2 class=\"wp-block-heading\"><img decoding=\"async\" width=\"284\" src=\"https:\/\/bucket.mlcdn.com\/a\/500\/500251\/images\/52d352ce902acf5990a58d12c77f0759f209a02f.png\/c98f03832c2a53c252b7c690b08a172dab5da279.png\">  <\/h2>\n\n\n\n<h1 class=\"wp-block-heading\">  NEW            E300SE<\/h1>\n\n\n\n<p>Ride with the wind<\/p>\n\n\n<p>L&rsquo;eScooter E300SE Launch Edition est le premier v\u00e9hicule puissant et rapide du march\u00e9 L3e-A1 de Segway. Il se distingue par ses performances 5 \u00e9toiles \u00e9quip\u00e9es des derni\u00e8res technologies innovantes.<\/p>\n<p>La nouvelle configuration du moteur produit la puissance maximale jamais atteinte, avec une acc\u00e9l\u00e9ration extr\u00eame de 0 \u00e0 50 km\/h en 2,9 secondes. En plus de la puissance, du design et des caract\u00e9ristiques intelligentes, la combinaison de l&rsquo;ABS et du TCS (Traction Control System) intelligent offre des fonctions de s\u00e9curit\u00e9 et de contr\u00f4le suppl\u00e9mentaires pour r\u00e9duire le risque de t\u00eate-\u00e0-queue. Enfin, avec la possibilit\u00e9 d&rsquo;avoir jusqu&rsquo;\u00e0 3 batteries* pour une autonomie extensible, une vitesse maximale de 105 km\/h, le E300SE est le v\u00e9hicule parfait pour atteindre votre destination !<\/p>\n<p>*(3\u00e8me batterie vendue s\u00e9par\u00e9ment)<\/p>\n\n\n<figure class=\"wp-block-image size-full\"><img loading=\"lazy\" decoding=\"async\" width=\"960\" height=\"598\" src=\"http:\/\/greenmoow.com\/wp-content\/uploads\/2023\/07\/S8-l-actu-moto-et-scooter-de-la-semaine-le-scooter-electrique-segway-la-rieju-aventura-125-la-bmw-r-ninet-pure-par-fcr-original-la-husqvarna-norden-901-expedition-et-la-ducati-.jpg\" alt=\"\" class=\"wp-image-11168\" srcset=\"http:\/\/greenmoow.com\/wp-content\/uploads\/2023\/07\/S8-l-actu-moto-et-scooter-de-la-semaine-le-scooter-electrique-segway-la-rieju-aventura-125-la-bmw-r-ninet-pure-par-fcr-original-la-husqvarna-norden-901-expedition-et-la-ducati-.jpg 960w, http:\/\/greenmoow.com\/wp-content\/uploads\/2023\/07\/S8-l-actu-moto-et-scooter-de-la-semaine-le-scooter-electrique-segway-la-rieju-aventura-125-la-bmw-r-ninet-pure-par-fcr-original-la-husqvarna-norden-901-expedition-et-la-ducati--300x187.jpg 300w, http:\/\/greenmoow.com\/wp-content\/uploads\/2023\/07\/S8-l-actu-moto-et-scooter-de-la-semaine-le-scooter-electrique-segway-la-rieju-aventura-125-la-bmw-r-ninet-pure-par-fcr-original-la-husqvarna-norden-901-expedition-et-la-ducati--768x478.jpg 768w, http:\/\/greenmoow.com\/wp-content\/uploads\/2023\/07\/S8-l-actu-moto-et-scooter-de-la-semaine-le-scooter-electrique-segway-la-rieju-aventura-125-la-bmw-r-ninet-pure-par-fcr-original-la-husqvarna-norden-901-expedition-et-la-ducati--830x517.jpg 830w, http:\/\/greenmoow.com\/wp-content\/uploads\/2023\/07\/S8-l-actu-moto-et-scooter-de-la-semaine-le-scooter-electrique-segway-la-rieju-aventura-125-la-bmw-r-ninet-pure-par-fcr-original-la-husqvarna-norden-901-expedition-et-la-ducati--230x143.jpg 230w, http:\/\/greenmoow.com\/wp-content\/uploads\/2023\/07\/S8-l-actu-moto-et-scooter-de-la-semaine-le-scooter-electrique-segway-la-rieju-aventura-125-la-bmw-r-ninet-pure-par-fcr-original-la-husqvarna-norden-901-expedition-et-la-ducati--350x218.jpg 350w, http:\/\/greenmoow.com\/wp-content\/uploads\/2023\/07\/S8-l-actu-moto-et-scooter-de-la-semaine-le-scooter-electrique-segway-la-rieju-aventura-125-la-bmw-r-ninet-pure-par-fcr-original-la-husqvarna-norden-901-expedition-et-la-ducati--480x299.jpg 480w, http:\/\/greenmoow.com\/wp-content\/uploads\/2023\/07\/S8-l-actu-moto-et-scooter-de-la-semaine-le-scooter-electrique-segway-la-rieju-aventura-125-la-bmw-r-ninet-pure-par-fcr-original-la-husqvarna-norden-901-expedition-et-la-ducati--600x374.jpg 600w\" sizes=\"(max-width: 960px) 100vw, 960px\" \/><\/figure>\n\n\n\n<h2 class=\"wp-block-heading\"><a href=\"https:\/\/fr-fr.segway.com\/products\/segway-escooter-e300se\" data-type=\"URL\" data-id=\"https:\/\/fr-fr.segway.com\/products\/segway-escooter-e300se\">segway-escooter-e300se<\/a><\/h2>\n\n\n\n<h2 class=\"wp-block-heading\">Une Gamme de L1 et L3<\/h2>\n\n\n\n<figure class=\"wp-block-table\"><table><tbody><tr><td>&nbsp;  &nbsp; &nbsp; &nbsp;&nbsp; Les scooters \u00e9lectriques Segway sont d\u00e9sormais disponibles dans notre concession! <br>Segway-Ninebot, leader de la micro-mobilit\u00e9 depuis 30 ans (avec le lancement du gyropode), est le premier producteur mondial de solutions de mobilit\u00e9 \u00e9lectrique intelligentes et \u00e9cologiques. &nbsp; &nbsp; &nbsp;<br> <strong>UNE GAMME DE ESCOOTERS PREMIUM<\/strong> &nbsp; &nbsp; Une conduite silencieuse, une autonomie allant de 75 \u00e0 140 km* avec une seule charge de batterie, pas de frais de stationnement et une recharge facile sur prise secteur gr\u00e2ce \u00e0 la batterie amovible ; les eScooters et eMob Segway vous permettent de passer facilement \u00e0 la conduite \u00e9lectrique. C\u2019est la nouvelle fa\u00e7on, propre et intelligente de se d\u00e9placer. Un prix abordable, un design accrocheur et des technologies les plus innovantes : soyez malin et conduisez un eScooter ou une eMob Segway. &nbsp; &nbsp;<br> &nbsp; <img decoding=\"async\" width=\"213\" src=\"https:\/\/bucket.mlcdn.com\/a\/500\/500251\/images\/2c2a195d82b2a885fe7b87f7ade2892c622f718b.png\"> <img decoding=\"async\" width=\"213\" src=\"https:\/\/bucket.mlcdn.com\/a\/500\/500251\/images\/c31326958fea5b0a60441e44bd140bc1fc89496d.png\"> <img decoding=\"async\" width=\"213\" src=\"https:\/\/bucket.mlcdn.com\/a\/500\/500251\/images\/c18a5fe6d7f08a2fe7f655353f8eb416b281f9fd.png\"> &nbsp; &nbsp; &nbsp; &nbsp; <img decoding=\"async\" width=\"640\" src=\"https:\/\/bucket.mlcdn.com\/a\/500\/500251\/images\/871fa3952f9de5a097b45fc2f91e6814cbd7ab5a.jpeg\"> &nbsp; &nbsp; L\u2019E125S offre une autonomie exceptionnelle de 140 km* gr\u00e2ce \u00e0 2 batteries incluses, avec en plus une finition luxueuse aux d\u00e9tails chrom\u00e9s et de couleur cognac. Avec ces deux batteries c\u2019est \u00e0 ce jour notre eScooter le plus puissant en se chargeant en 4h seulement. Pour plus de confort, les pneus de cet eScooter sont \u00e9galement plus grands. Les batteries sont log\u00e9es dans le plancher ce qui lui conf\u00e8re un centre de gravit\u00e9 bas et une conduite encore plus agr\u00e9able. Enfin, sa large selle permet de rouler \u00e0 deux et son grand coffre de 27 litres offre de l&rsquo;espace pour 2 casques.<br> &nbsp; &nbsp; &nbsp; <img decoding=\"async\" width=\"213\" src=\"https:\/\/bucket.mlcdn.com\/a\/500\/500251\/images\/a59d7f98775672660002d50ad82c9bb4591c17a7.jpeg\"> <img decoding=\"async\" width=\"213\" src=\"https:\/\/bucket.mlcdn.com\/a\/500\/500251\/images\/af0de0399267b512abdacc807f3dcca24ab73b82.png\"> <img decoding=\"async\" width=\"213\" src=\"https:\/\/bucket.mlcdn.com\/a\/500\/500251\/images\/b89b621976ec43940026a992ae7da8666f56f27d.jpeg\"> &nbsp; &nbsp; <img decoding=\"async\" width=\"640\" src=\"https:\/\/bucket.mlcdn.com\/a\/500\/500251\/images\/2d97e148427a0d0be6e9d61709fcf6a1f90087e9.jpeg\"> &nbsp; &nbsp; L\u2019E110S offre une autonomie de 75 km*. Ce eScooter peut \u00eatre verrouill\u00e9 et d\u00e9verrouill\u00e9 avec votre smartphone gr\u00e2ce \u00e0 l\u2019application mobile intelligente Segway-Ninebot. Les puissants phares matriciels LED assurent votre s\u00e9curit\u00e9 sur la route. De grands freins \u00e0 double disque \u00e0 l\u2019avant et \u00e0 l\u2019arri\u00e8re assurent une performance de freinage maximale pour une conduite s\u00e9curis\u00e9e.<br> &nbsp; &nbsp; &nbsp; <img decoding=\"async\" width=\"213\" src=\"https:\/\/bucket.mlcdn.com\/a\/500\/500251\/images\/9aebce2fd2813c9897f76e26cae71e92309865c9.png\"> <img decoding=\"async\" width=\"213\" src=\"https:\/\/bucket.mlcdn.com\/a\/500\/500251\/images\/764d46025cc3d4f3691d80cc9d333fbb625fada8.png\"> <img decoding=\"async\" width=\"213\" src=\"https:\/\/bucket.mlcdn.com\/a\/500\/500251\/images\/efaa1e8fc234a8dec94fb57e9fd2ffee89f37511.png\"> &nbsp; &nbsp; &nbsp; <br><br> &nbsp; &nbsp; L\u2019eMob est disponible en cinq&nbsp;combinaisons de couleurs vives. Ce mod\u00e8le&nbsp;\u00e9l\u00e9gant, qui prend peu de place, offre une&nbsp;grande autonomie (jusqu\u2019\u00e0 105 km*) et un&nbsp;syst\u00e8me antivol, parfait pour la ville ou les excursions en bord de mer !&nbsp;Des fonctionnalit\u00e9s suppl\u00e9mentaires,&nbsp;comme verrouiller et d\u00e9verrouiller ou&nbsp;localiser le v\u00e9hicule \u00e0 distance sont&nbsp;disponibles gr\u00e2ce \u00e0 l\u2019application mobile&nbsp;intelligente Segway-Ninebot.**&nbsp;Enfin, le si\u00e8ge haut et les pneus&nbsp;larges offrent confort et&nbsp;adh\u00e9rence sur la route. &nbsp; &nbsp; &nbsp; <img decoding=\"async\" width=\"213\" src=\"https:\/\/bucket.mlcdn.com\/a\/500\/500251\/images\/61cb0690e9d997d6a3fc6dce6e25ab582f3b6582.png\"> <img decoding=\"async\" width=\"213\" src=\"https:\/\/bucket.mlcdn.com\/a\/500\/500251\/images\/f215e1edbc23bc59a2858ee609510cfd79d4f637.jpeg\"> <img decoding=\"async\" width=\"213\" src=\"https:\/\/bucket.mlcdn.com\/a\/500\/500251\/images\/546da1cafdac57b1b7646fea5daeb64b79e6e72b.jpeg\"> &nbsp; &nbsp; *Les donn\u00e9es figurent \u00e0 titre indicatif et proviennent d\u2019essais men\u00e9s&nbsp;dans des conditions id\u00e9ales. Port\u00e9e WMTC jusqu\u2019\u00e0 40 km (E110S), 81 km (E125S) et 56 km (B110S).<br>** Selon la marque et la taille du casque.<br>*** Les 2 premi\u00e8res ann\u00e9es d\u2019abonnement sont gratuites, puis reconductible moyennant des frais Photos \u00e0 but promotionnel&nbsp;uniquement. Conduisez avec prudence, portez un casque et des gants homologu\u00e9s ainsi que des v\u00eatements&nbsp;de protection. Respectez le code de la route et l\u2019environnement. Pour toutes pr\u00e9cisions ou informations&nbsp;compl\u00e9mentaires, veuillez vous adresser \u00e0 votre point de vente Segway. &nbsp; <br> &nbsp; &nbsp; &nbsp; <img decoding=\"async\" width=\"640\" src=\"https:\/\/bucket.mlcdn.com\/a\/500\/500251\/images\/79c7feb8934c6f71e77d77f5b446aba5060733de.jpeg\"> &nbsp; &nbsp;<\/td><\/tr><\/tbody><\/table><\/figure>\n\n\n\n<p><\/p>\n","protected":false},"excerpt":{"rendered":"<p>NEW E300SE Ride with the wind L&rsquo;eScooter E300SE Launch Edition est le premier v\u00e9hicule puissant et rapide du march\u00e9 L3e-A1 de Segway. Il se distingue par ses performances 5 \u00e9toiles \u00e9quip\u00e9es des derni\u00e8res technologies innovantes. La nouvelle configuration du moteur produit la puissance maximale jamais atteinte, avec une acc\u00e9l\u00e9ration extr\u00eame de 0 \u00e0 50 km\/h en 2,9 secondes. En plus de la puissance, du design et des caract\u00e9ristiques intelligentes, la combinaison de l&rsquo;ABS et du TCS (Traction Control System) intelligent offre des fonctions de s\u00e9curit\u00e9 et de contr\u00f4le suppl\u00e9mentaires pour r\u00e9duire le risque de t\u00eate-\u00e0-queue. Enfin, avec la possibilit\u00e9 d&rsquo;avoir jusqu&rsquo;\u00e0 3 batteries* pour une autonomie extensible, une vitesse maximale de 105 km\/h, le E300SE est le v\u00e9hicule parfait pour [&hellip;]<\/p>\n","protected":false},"author":1,"featured_media":0,"parent":0,"menu_order":0,"comment_status":"closed","ping_status":"closed","template":"","meta":{"footnotes":""},"_links":{"self":[{"href":"http:\/\/greenmoow.com\/index.php\/wp-json\/wp\/v2\/pages\/11157"}],"collection":[{"href":"http:\/\/greenmoow.com\/index.php\/wp-json\/wp\/v2\/pages"}],"about":[{"href":"http:\/\/greenmoow.com\/index.php\/wp-json\/wp\/v2\/types\/page"}],"author":[{"embeddable":true,"href":"http:\/\/greenmoow.com\/index.php\/wp-json\/wp\/v2\/users\/1"}],"replies":[{"embeddable":true,"href":"http:\/\/greenmoow.com\/index.php\/wp-json\/wp\/v2\/comments?post=11157"}],"version-history":[{"count":13,"href":"http:\/\/greenmoow.com\/index.php\/wp-json\/wp\/v2\/pages\/11157\/revisions"}],"predecessor-version":[{"id":11182,"href":"http:\/\/greenmoow.com\/index.php\/wp-json\/wp\/v2\/pages\/11157\/revisions\/11182"}],"wp:attachment":[{"href":"http:\/\/greenmoow.com\/index.php\/wp-json\/wp\/v2\/media?parent=11157"}],"curies":[{"name":"wp","href":"https:\/\/api.w.org\/{rel}","templated":true}]}}