{"id":11003,"date":"2021-01-13T19:09:26","date_gmt":"2021-01-13T18:09:26","guid":{"rendered":"http:\/\/greenmoow.com\/?page_id=11003"},"modified":"2021-01-13T19:14:16","modified_gmt":"2021-01-13T18:14:16","slug":"2twenty","status":"publish","type":"page","link":"https:\/\/greenmoow.com\/index.php\/2twenty\/","title":{"rendered":"2Twenty"},"content":{"rendered":"\n<figure class=\"wp-block-image size-large\"><img loading=\"lazy\" decoding=\"async\" width=\"512\" height=\"246\" src=\"http:\/\/greenmoow.com\/wp-content\/uploads\/2020\/11\/unnamed.jpg\" alt=\"\" class=\"wp-image-10913\" srcset=\"https:\/\/greenmoow.com\/wp-content\/uploads\/2020\/11\/unnamed.jpg 512w, https:\/\/greenmoow.com\/wp-content\/uploads\/2020\/11\/unnamed-300x144.jpg 300w, https:\/\/greenmoow.com\/wp-content\/uploads\/2020\/11\/unnamed-230x111.jpg 230w, https:\/\/greenmoow.com\/wp-content\/uploads\/2020\/11\/unnamed-350x168.jpg 350w, https:\/\/greenmoow.com\/wp-content\/uploads\/2020\/11\/unnamed-480x231.jpg 480w\" sizes=\"(max-width: 512px) 100vw, 512px\" \/><\/figure>\n\n\n\n<figure class=\"wp-block-image size-large\"><img loading=\"lazy\" decoding=\"async\" width=\"768\" height=\"1024\" src=\"http:\/\/greenmoow.com\/wp-content\/uploads\/2020\/11\/IMG_20201028_140822-768x1024.jpg\" alt=\"\" class=\"wp-image-10914\" srcset=\"https:\/\/greenmoow.com\/wp-content\/uploads\/2020\/11\/IMG_20201028_140822-768x1024.jpg 768w, https:\/\/greenmoow.com\/wp-content\/uploads\/2020\/11\/IMG_20201028_140822-225x300.jpg 225w, https:\/\/greenmoow.com\/wp-content\/uploads\/2020\/11\/IMG_20201028_140822-1152x1536.jpg 1152w, https:\/\/greenmoow.com\/wp-content\/uploads\/2020\/11\/IMG_20201028_140822-1536x2048.jpg 1536w, https:\/\/greenmoow.com\/wp-content\/uploads\/2020\/11\/IMG_20201028_140822-830x1107.jpg 830w, https:\/\/greenmoow.com\/wp-content\/uploads\/2020\/11\/IMG_20201028_140822-230x307.jpg 230w, https:\/\/greenmoow.com\/wp-content\/uploads\/2020\/11\/IMG_20201028_140822-350x467.jpg 350w, https:\/\/greenmoow.com\/wp-content\/uploads\/2020\/11\/IMG_20201028_140822-480x640.jpg 480w, https:\/\/greenmoow.com\/wp-content\/uploads\/2020\/11\/IMG_20201028_140822-600x800.jpg 600w, https:\/\/greenmoow.com\/wp-content\/uploads\/2020\/11\/IMG_20201028_140822-scaled.jpg 1920w\" sizes=\"(max-width: 768px) 100vw, 768px\" \/><\/figure>\n\n\n\n<h2 class=\"wp-block-heading\">AVANTAGES DE NOTRE SCOOTER \u00c9LECTRIQUE<\/h2>\n\n\n\n<p>2 990&nbsp;\u20ac<\/p>\n\n\n\n<p>En stock &#8211; Livraison en 3-5 jours<\/p>\n\n\n\n<p>Scooter \u00e9lectrique \u00e0 deux places, sans permis, \u00e9quivalent 50 cc<br>\u2013 Vitesse max : 45 km\/h<br>\u2013 Puissance : 2 900 Watts<br>\u2013 Autonomie : 50 km avec 1 batterie, 100 km avec 2 batteries<br>\u2013 Batterie au Lithium amovible 10 Kg<br>\u2013 Dur\u00e9e de vie de la batterie : 900 cycles (environ 40 000 km)<br>\u2013 Garantie deux ans (scooter et batterie)<\/p>\n\n\n\n<p><strong>VOUS FAIT&nbsp;\u00c9CONOMISER<\/strong><br>Pas d\u2019essence : \u2013 850\u20ac\/an<\/p>\n\n\n\n<p><strong>SIMPLE ET FIABLE<\/strong><br>Tr\u00e8s peu de pannes<br>Rechargez vos batteries o\u00f9 vous voulez<br>Intervention rapide en cas de probl\u00e8me<\/p>\n\n\n\n<p><strong>SILENCIEUX ET PROPRE<\/strong><br>Pas de pollution atmosph\u00e9rique\u2026<br>Pas de bruit\u2026<br>Tout le monde vous remerciera!<\/p>\n\n\n\n<h2 class=\"wp-block-heading\">TECHNOLOGIE<\/h2>\n\n\n\n<p><strong>HOMOLOGU\u00c9 CE<\/strong><br>Scooter 2 places \u2013 \u00c9quivalent 50 cc<br>Vitesse max : 45 km\/h<br>Autonomie : 50 km par batterie<br>Poids (avec une batterie) : 80 kg<br>Charge max : 150 kg<br>Garantie 2 ans<\/p>\n\n\n\n<p><strong>BATTERIE LITHIUM AMOVIBLE<\/strong><br>Capacit\u00e9 : 72 V\/20 Ah \u2013 1 440 Wh<br>Possibilit\u00e9 d\u2019embarquer 2 batteries<br>Poids de la batterie : 10 kg<br>Temps de charge : 50% en 2h, 100% en 6h<br>A charger sur n\u2019importe quelle prise 220 V<br>Co\u00fbt d\u2019une charge : environ 0,22 \u20ac<\/p>\n\n\n\n<p><strong>MOTEUR 2 900 Watts<\/strong><br>Positionn\u00e9 dans la roue arri\u00e8re<br>Freins avant\/arri\u00e8re \u00e0 disque<br>Phares et clignotants \u00e0 Led<br>Amortisseurs avant et arri\u00e8re<br>Pneus 3,5-10\u2033 Tubeless<\/p>\n\n\n\n<figure class=\"wp-block-embed is-type-video is-provider-youtube wp-block-embed-youtube wp-embed-aspect-16-9 wp-has-aspect-ratio\"><div class=\"wp-block-embed__wrapper\">\n<iframe loading=\"lazy\" title=\"2Twenty - Scooter \u00e9lectrique 2019\" width=\"1170\" height=\"658\" src=\"https:\/\/www.youtube.com\/embed\/ydeaI-YXDhk?feature=oembed\" frameborder=\"0\" allow=\"accelerometer; autoplay; clipboard-write; encrypted-media; gyroscope; picture-in-picture\" allowfullscreen><\/iframe>\n<\/div><\/figure>\n","protected":false},"excerpt":{"rendered":"<p>AVANTAGES DE NOTRE SCOOTER \u00c9LECTRIQUE 2 990&nbsp;\u20ac En stock &#8211; Livraison en 3-5 jours Scooter \u00e9lectrique \u00e0 deux places, sans permis, \u00e9quivalent 50 cc\u2013 Vitesse max : 45 km\/h\u2013 Puissance : 2 900 Watts\u2013 Autonomie : 50 km avec 1 batterie, 100 km avec 2 batteries\u2013 Batterie au Lithium amovible 10 Kg\u2013 Dur\u00e9e de vie de la batterie : 900 cycles (environ 40 000 km)\u2013 Garantie deux ans (scooter et batterie) VOUS FAIT&nbsp;\u00c9CONOMISERPas d\u2019essence : \u2013 850\u20ac\/an SIMPLE ET FIABLETr\u00e8s peu de pannesRechargez vos batteries o\u00f9 vous voulezIntervention rapide en cas de probl\u00e8me SILENCIEUX ET PROPREPas de pollution atmosph\u00e9rique\u2026Pas de bruit\u2026Tout le monde vous remerciera! TECHNOLOGIE HOMOLOGU\u00c9 CEScooter 2 places \u2013 \u00c9quivalent 50 ccVitesse max : 45 km\/hAutonomie : 50 [&hellip;]<\/p>\n","protected":false},"author":1,"featured_media":0,"parent":0,"menu_order":0,"comment_status":"closed","ping_status":"closed","template":"","meta":{"footnotes":""},"_links":{"self":[{"href":"https:\/\/greenmoow.com\/index.php\/wp-json\/wp\/v2\/pages\/11003"}],"collection":[{"href":"https:\/\/greenmoow.com\/index.php\/wp-json\/wp\/v2\/pages"}],"about":[{"href":"https:\/\/greenmoow.com\/index.php\/wp-json\/wp\/v2\/types\/page"}],"author":[{"embeddable":true,"href":"https:\/\/greenmoow.com\/index.php\/wp-json\/wp\/v2\/users\/1"}],"replies":[{"embeddable":true,"href":"https:\/\/greenmoow.com\/index.php\/wp-json\/wp\/v2\/comments?post=11003"}],"version-history":[{"count":2,"href":"https:\/\/greenmoow.com\/index.php\/wp-json\/wp\/v2\/pages\/11003\/revisions"}],"predecessor-version":[{"id":11007,"href":"https:\/\/greenmoow.com\/index.php\/wp-json\/wp\/v2\/pages\/11003\/revisions\/11007"}],"wp:attachment":[{"href":"https:\/\/greenmoow.com\/index.php\/wp-json\/wp\/v2\/media?parent=11003"}],"curies":[{"name":"wp","href":"https:\/\/api.w.org\/{rel}","templated":true}]}}