{"id":11137,"date":"2021-12-10T17:48:00","date_gmt":"2021-12-10T16:48:00","guid":{"rendered":"http:\/\/greenmoow.com\/?page_id=11137"},"modified":"2021-12-10T17:53:13","modified_gmt":"2021-12-10T16:53:13","slug":"talaria","status":"publish","type":"page","link":"https:\/\/greenmoow.com\/index.php\/talaria\/","title":{"rendered":"TALARIA"},"content":{"rendered":"\n<p class=\"has-text-align-center\"><strong><em>STING 2022<\/em><\/strong><\/p>\n\n\n\n<p class=\"has-text-align-center\">OFF ROAD = 4990\u20ac                    HOMOLOGU\u00c9E  ROUTE = 5290\u20ac<\/p>\n\n\n\n<p>En pr\u00e9-commande chez Greenmoow<\/p>\n\n\n\n<figure class=\"wp-block-image size-large\"><img loading=\"lazy\" decoding=\"async\" width=\"1024\" height=\"681\" src=\"https:\/\/greenmoow.com\/wp-content\/uploads\/2021\/12\/TALARIA-STING-202113-1024x681.jpg\" alt=\"\" class=\"wp-image-11140\" srcset=\"https:\/\/greenmoow.com\/wp-content\/uploads\/2021\/12\/TALARIA-STING-202113-1024x681.jpg 1024w, https:\/\/greenmoow.com\/wp-content\/uploads\/2021\/12\/TALARIA-STING-202113-300x200.jpg 300w, https:\/\/greenmoow.com\/wp-content\/uploads\/2021\/12\/TALARIA-STING-202113-768x511.jpg 768w, https:\/\/greenmoow.com\/wp-content\/uploads\/2021\/12\/TALARIA-STING-202113-1536x1022.jpg 1536w, https:\/\/greenmoow.com\/wp-content\/uploads\/2021\/12\/TALARIA-STING-202113-2048x1363.jpg 2048w, https:\/\/greenmoow.com\/wp-content\/uploads\/2021\/12\/TALARIA-STING-202113-830x552.jpg 830w, https:\/\/greenmoow.com\/wp-content\/uploads\/2021\/12\/TALARIA-STING-202113-230x153.jpg 230w, https:\/\/greenmoow.com\/wp-content\/uploads\/2021\/12\/TALARIA-STING-202113-350x233.jpg 350w, https:\/\/greenmoow.com\/wp-content\/uploads\/2021\/12\/TALARIA-STING-202113-480x319.jpg 480w, https:\/\/greenmoow.com\/wp-content\/uploads\/2021\/12\/TALARIA-STING-202113-600x399.jpg 600w\" sizes=\"(max-width: 1024px) 100vw, 1024px\" \/><\/figure>\n\n\n\n<figure class=\"wp-block-image size-large is-resized\"><img decoding=\"async\" src=\"https:\/\/greenmoow.com\/wp-content\/uploads\/2021\/12\/20211130_110500-edited-scaled.jpg\" alt=\"\" class=\"wp-image-11139\" width=\"580\" height=\"362.5\" srcset=\"https:\/\/greenmoow.com\/wp-content\/uploads\/2021\/12\/20211130_110500-edited-scaled.jpg 2560w, https:\/\/greenmoow.com\/wp-content\/uploads\/2021\/12\/20211130_110500-edited-300x188.jpg 300w, https:\/\/greenmoow.com\/wp-content\/uploads\/2021\/12\/20211130_110500-edited-1024x641.jpg 1024w, https:\/\/greenmoow.com\/wp-content\/uploads\/2021\/12\/20211130_110500-edited-768x480.jpg 768w, https:\/\/greenmoow.com\/wp-content\/uploads\/2021\/12\/20211130_110500-edited-1536x961.jpg 1536w, https:\/\/greenmoow.com\/wp-content\/uploads\/2021\/12\/20211130_110500-edited-2048x1281.jpg 2048w, https:\/\/greenmoow.com\/wp-content\/uploads\/2021\/12\/20211130_110500-edited-830x519.jpg 830w, https:\/\/greenmoow.com\/wp-content\/uploads\/2021\/12\/20211130_110500-edited-230x144.jpg 230w, https:\/\/greenmoow.com\/wp-content\/uploads\/2021\/12\/20211130_110500-edited-350x219.jpg 350w, https:\/\/greenmoow.com\/wp-content\/uploads\/2021\/12\/20211130_110500-edited-480x300.jpg 480w, https:\/\/greenmoow.com\/wp-content\/uploads\/2021\/12\/20211130_110500-edited-600x375.jpg 600w\" sizes=\"(max-width: 2560px) 100vw, 2560px\" \/><\/figure>\n\n\n\n<figure class=\"wp-block-table\"><table><thead><tr><th scope=\"col\">MOTEUR<\/th><th scope=\"col\"><\/th><\/tr><\/thead><tbody><tr><td>TYPE<\/td><td>PMSM (PERMANENT MAGNET SYNCHRONOUS MOTOR)<\/td><\/tr><tr><\/tr><tr><td>REFROIDISSEMENT<\/td><td>AIR<\/td><\/tr><tr><\/tr><tr><td>TENSION NOMINALE<\/td><td>60V<\/td><\/tr><tr><\/tr><tr><td>PUISSANCE NOMINALE<\/td><td>3 000 W<\/td><\/tr><tr><\/tr><tr><td>PUISSANCE MAXIMALE<\/td><td>6 000 W<\/td><\/tr><tr><\/tr><tr><td>COUPLE MAXIMALE<\/td><td>250 N.m<\/td><\/tr><tr><\/tr><tr><td>REGENERATION<\/td><td>4 MODES DE R\u00c9G\u00c9N\u00c9RATION AJUSTABLES<\/td><\/tr><tr><\/tr><tr><td>TRANSMISSION<\/td><td>BOITE DE VITESSE + CHAINE<\/td><\/tr><\/tbody><\/table><\/figure>\n\n\n\n<p><\/p>\n\n\n\n<p><\/p>\n\n\n\n<figure class=\"wp-block-table\"><table><thead><tr><th scope=\"col\">COMPOSANTS ELECTRIQUES<\/th><th scope=\"col\"><\/th><\/tr><\/thead><tbody><tr><td>BATTERIE AU LITHIUM<\/td><td>LG Brand 21700 Cell (5000mAh\/cell)<\/td><\/tr><tr><\/tr><tr><td>CHARGEUR<\/td><td>10A 60V<\/td><\/tr><tr><\/tr><tr><td>TEMPS DE CHARGEMENT<\/td><td>2,5 HEURES<\/td><\/tr><tr><\/tr><tr><td>PORT USB<\/td><td>USB-2.1A PORT UNIQUE (POUR RECHARGE APPAREIL EXTERNE)<\/td><\/tr><tr><\/tr><tr><td>COMPTEUR DE VITESSE<\/td><td>LCD DIGITAL<\/td><\/tr><tr><\/tr><\/tbody><\/table><\/figure>\n\n\n\n<p><\/p>\n\n\n\n<p><\/p>\n\n\n\n<figure class=\"wp-block-table\"><table><thead><tr><th scope=\"col\">PARTIE CYCLE<\/th><th scope=\"col\"><\/th><\/tr><\/thead><tbody><tr><td>MATIERE DU CADRE<\/td><td>AL 6061 T4 &amp; T6 ALLIAGE ALUMINUM<\/td><\/tr><tr><\/tr><tr><td>FOURCHE AVANT<\/td><td>RST \/ DNM Front Fork (REGLABLE COMPRESSION \/ DETENTE)<\/td><\/tr><tr><\/tr><tr><td>AMORTISSEUR<\/td><td>FAST ACE \/ DNM Rear Absorber (REGLABLE COMPRESSION \/ DETENTE)<\/td><\/tr><tr><\/tr><tr><td>TYPE ET TAILLE DES ROUES<\/td><td>ROUES A RAYON AVANT\/ARRIERE 19 x 1.4<\/td><\/tr><tr><\/tr><tr><td>PNEUMATIQUES<\/td><td>AVANT\/ARRIERE 70\/100-19 \/ 80\/100-19 CST<\/td><\/tr><tr><\/tr><tr><td>VITESSE MAXIMALE<\/td><td>79KM\/H<\/td><\/tr><tr><\/tr><tr><td>AUTONOMIE<\/td><td>100KM (\u00e0 25 km\/h)<\/td><\/tr><tr><\/tr><tr><td>FREIN AVANT ET ARRIERE<\/td><td>FREINS \u00c0 DISQUE HYDRAULIQUES<\/td><\/tr><tr><\/tr><tr><td>POIDS AVEC BATTERIES<\/td><td>63KG (Avec batterie)<\/td><\/tr><tr><\/tr><tr><td>DIMENSION DU VEHICULE<\/td><td>1880 x 760 x 1088MM<\/td><\/tr><tr><\/tr><tr><td>GARDE AU SOL<\/td><td>250MM<\/td><\/tr><tr><\/tr><tr><td>EMPATTEMENT<\/td><td>1250MM<\/td><\/tr><tr><\/tr><tr><td>HAUTEUR D\u2019ASSISE<\/td><td>840MM<\/td><\/tr><tr><\/tr><tr><td>LONGUEUR DU GUIDON<\/td><td>760MM<\/td><\/tr><\/tbody><\/table><\/figure>\n","protected":false},"excerpt":{"rendered":"<p>STING 2022 OFF ROAD = 4990\u20ac HOMOLOGU\u00c9E ROUTE = 5290\u20ac En pr\u00e9-commande chez Greenmoow MOTEUR TYPE PMSM (PERMANENT MAGNET SYNCHRONOUS MOTOR) REFROIDISSEMENT AIR TENSION NOMINALE 60V PUISSANCE NOMINALE 3 000 W PUISSANCE MAXIMALE 6 000 W COUPLE MAXIMALE 250 N.m REGENERATION 4 MODES DE R\u00c9G\u00c9N\u00c9RATION AJUSTABLES TRANSMISSION BOITE DE VITESSE + CHAINE COMPOSANTS ELECTRIQUES BATTERIE AU LITHIUM LG Brand 21700 Cell (5000mAh\/cell) CHARGEUR 10A 60V TEMPS DE CHARGEMENT 2,5 HEURES PORT USB USB-2.1A PORT UNIQUE (POUR RECHARGE APPAREIL EXTERNE) COMPTEUR DE VITESSE LCD DIGITAL PARTIE CYCLE MATIERE DU CADRE AL 6061 T4 &amp; T6 ALLIAGE ALUMINUM FOURCHE AVANT RST \/ DNM Front Fork (REGLABLE COMPRESSION \/ DETENTE) AMORTISSEUR FAST ACE \/ DNM Rear Absorber (REGLABLE COMPRESSION \/ DETENTE) TYPE ET [&hellip;]<\/p>\n","protected":false},"author":1,"featured_media":0,"parent":0,"menu_order":0,"comment_status":"closed","ping_status":"closed","template":"","meta":{"footnotes":""},"_links":{"self":[{"href":"https:\/\/greenmoow.com\/index.php\/wp-json\/wp\/v2\/pages\/11137"}],"collection":[{"href":"https:\/\/greenmoow.com\/index.php\/wp-json\/wp\/v2\/pages"}],"about":[{"href":"https:\/\/greenmoow.com\/index.php\/wp-json\/wp\/v2\/types\/page"}],"author":[{"embeddable":true,"href":"https:\/\/greenmoow.com\/index.php\/wp-json\/wp\/v2\/users\/1"}],"replies":[{"embeddable":true,"href":"https:\/\/greenmoow.com\/index.php\/wp-json\/wp\/v2\/comments?post=11137"}],"version-history":[{"count":2,"href":"https:\/\/greenmoow.com\/index.php\/wp-json\/wp\/v2\/pages\/11137\/revisions"}],"predecessor-version":[{"id":11144,"href":"https:\/\/greenmoow.com\/index.php\/wp-json\/wp\/v2\/pages\/11137\/revisions\/11144"}],"wp:attachment":[{"href":"https:\/\/greenmoow.com\/index.php\/wp-json\/wp\/v2\/media?parent=11137"}],"curies":[{"name":"wp","href":"https:\/\/api.w.org\/{rel}","templated":true}]}}