{"id":11197,"date":"2024-04-04T13:22:03","date_gmt":"2024-04-04T11:22:03","guid":{"rendered":"https:\/\/greenmoow.com\/?page_id=11197"},"modified":"2024-04-04T13:22:03","modified_gmt":"2024-04-04T11:22:03","slug":"frison-scooter","status":"publish","type":"page","link":"https:\/\/greenmoow.com\/index.php\/frison-scooter\/","title":{"rendered":"FRISON SCOOTER"},"content":{"rendered":"\n<p><strong>Frison Scooter Lyon : L\u2019Expert de la Mobilit\u00e9 \u00c9lectrique<\/strong><\/p>\n\n\n\n<p><em>Frison Scooter<\/em>, une marque fran\u00e7aise sp\u00e9cialis\u00e9e dans les scooters et motos \u00e9lectriques, s\u2019est rapidement impos\u00e9e comme un acteur majeur sur le march\u00e9 en France et en Rh\u00f4ne Alpes. Cette entreprise dynamique avec des  produits innovants.<\/p>\n\n\n\n<figure class=\"wp-block-image size-large\"><img loading=\"lazy\" decoding=\"async\" width=\"1024\" height=\"841\" src=\"https:\/\/greenmoow.com\/wp-content\/uploads\/2024\/04\/20231213_124042-1-1024x841.jpg\" alt=\"\" class=\"wp-image-11200\" srcset=\"https:\/\/greenmoow.com\/wp-content\/uploads\/2024\/04\/20231213_124042-1-1024x841.jpg 1024w, https:\/\/greenmoow.com\/wp-content\/uploads\/2024\/04\/20231213_124042-1-300x246.jpg 300w, https:\/\/greenmoow.com\/wp-content\/uploads\/2024\/04\/20231213_124042-1-768x631.jpg 768w, https:\/\/greenmoow.com\/wp-content\/uploads\/2024\/04\/20231213_124042-1-1536x1261.jpg 1536w, https:\/\/greenmoow.com\/wp-content\/uploads\/2024\/04\/20231213_124042-1-2048x1682.jpg 2048w, https:\/\/greenmoow.com\/wp-content\/uploads\/2024\/04\/20231213_124042-1-830x682.jpg 830w, https:\/\/greenmoow.com\/wp-content\/uploads\/2024\/04\/20231213_124042-1-230x189.jpg 230w, https:\/\/greenmoow.com\/wp-content\/uploads\/2024\/04\/20231213_124042-1-350x287.jpg 350w, https:\/\/greenmoow.com\/wp-content\/uploads\/2024\/04\/20231213_124042-1-480x394.jpg 480w, https:\/\/greenmoow.com\/wp-content\/uploads\/2024\/04\/20231213_124042-1-600x493.jpg 600w\" sizes=\"(max-width: 1024px) 100vw, 1024px\" \/><\/figure>\n\n\n\n<h2 class=\"wp-block-heading\"><strong>La Marque Frison Scooter<\/strong><\/h2>\n\n\n\n<ul>\n<li><strong>Fabricant, Importateur et Revendeur<\/strong>&nbsp;: Frison Scooter ma\u00eetrise l\u2019ensemble de la cha\u00eene de production, de la conception \u00e0 la remise des cl\u00e9s. Le si\u00e8ge social est bas\u00e9 \u00e0 Paris, mais la marque est pr\u00e9sente partout en France gr\u00e2ce \u00e0 ses nombreux revendeurs.<\/li>\n\n\n\n<li><strong>Mobilit\u00e9 \u00c9lectrique<\/strong>&nbsp;: Frison Scooter se consacre exclusivement \u00e0 la mobilit\u00e9 \u00e9lectrique. Leurs scooters et motos sont respectueux de l\u2019environnement et offrent des solutions pratiques pour les d\u00e9placements urbains.<\/li>\n\n\n\n<li><strong>Large Gamme de Mod\u00e8les<\/strong>\u00a0: Du 50 cm\u00b3 au 125 cm\u00b3, Frison propose une vari\u00e9t\u00e9 de mod\u00e8les adapt\u00e9s \u00e0 tous les besoins. Que vous soyez un professionnel, un citadin ou un amateur de design r\u00e9tro, vous trouverez votre bonheur chez Frison Scooter<\/li>\n<\/ul>\n\n\n\n<p><strong>La Gamme Frison Scooter : Des Solutions \u00c9lectriques pour Tous<\/strong><\/p>\n\n\n\n<p>Frison Scooter, l\u2019expert fran\u00e7ais de la mobilit\u00e9 \u00e9lectrique, propose une gamme vari\u00e9e de scooters et motos \u00e9lectriques. Voici un aper\u00e7u de leurs mod\u00e8les innovants :<\/p>\n\n\n\n<ol>\n<li><a href=\"https:\/\/frisonscooter.com\/\" target=\"_blank\" rel=\"noreferrer noopener\"><strong>Frison T66<\/strong>&nbsp;: Un scooter 125 cm\u00b3 moderne et connect\u00e9, disponible \u00e0&nbsp;<strong>4090,00 \u20ac<\/strong>&nbsp;apr\u00e8s le Bonus de l\u2019\u00c9tat&nbsp;<\/a><a href=\"https:\/\/frisonscooter.com\/\" target=\"_blank\" rel=\"noreferrer noopener\"><sup>1<\/sup><\/a>.<\/li>\n\n\n\n<li><a href=\"https:\/\/frisonscooter.com\/\" target=\"_blank\" rel=\"noreferrer noopener\"><strong>Frison T39<\/strong>&nbsp;: Compact et urbain, ce mod\u00e8le 125 cm\u00b3 est propos\u00e9 \u00e0&nbsp;<strong>2490,00 \u20ac<\/strong>&nbsp;apr\u00e8s le Bonus de l\u2019\u00c9tat&nbsp;<\/a><a href=\"https:\/\/frisonscooter.com\/\" target=\"_blank\" rel=\"noreferrer noopener\"><sup>1<\/sup><\/a>.<\/li>\n\n\n\n<li><a href=\"https:\/\/frisonscooter.com\/\" target=\"_blank\" rel=\"noreferrer noopener\"><strong>Frison 3RS+<\/strong>\u00a0: Un scooter 125 cm\u00b3 \u00e0 3 roues avec ABS, au prix de\u00a0<strong>7190,00 \u20ac<\/strong>\u00a0apr\u00e8s le Bonus de l\u2019\u00c9tat\u00a0<sup>1<\/sup><\/a>.<\/li>\n\n\n\n<li><a href=\"https:\/\/frisonscooter.com\/\" target=\"_blank\" rel=\"noreferrer noopener\"><strong>Frison T5000<\/strong>\u00a0: Un mod\u00e8le 125 cm\u00b3 au look vintage, \u00e0\u00a0<strong>3990,00 \u20ac<\/strong>\u00a0apr\u00e8s le Bonus de l\u2019\u00c9tat\u00a0<sup>1<\/sup><\/a><\/li>\n<\/ol>\n\n\n\n<p>Cependant, la gamme Frison ne se limite pas \u00e0 ces mod\u00e8les. Ils proposent \u00e9galement d\u2019autres v\u00e9hicules adapt\u00e9s \u00e0 tous les besoins, que vous soyez un professionnel, un citadin ou un amateur de design r\u00e9tro. Leurs scooters \u00e9lectriques sont respectueux de l\u2019environnement et offrent des solutions pratiques pour les d\u00e9placements en ville.<\/p>\n\n\n\n<p>Felo FW-06<\/p>\n\n\n\n<p><a href=\"https:\/\/frisonscooter.com\/catalogue\/\" target=\"_blank\" rel=\"noreferrer noopener\">Pour d\u00e9couvrir l\u2019ensemble de la gamme Frison Scooter, je vous invite \u00e0 consulter leur&nbsp;<\/a><a is=\"cib-link\" href=\"https:\/\/frisonscooter.com\/catalogue\/\" target=\"_blank\" rel=\"noreferrer noopener\">catalogue<\/a><a href=\"https:\/\/frisonscooter.com\/catalogue\/\" target=\"_blank\" rel=\"noreferrer noopener\"><sup>2<\/sup><\/a>. Que vous cherchiez un scooter pour vos trajets quotidiens ou pour explorer la ville, Frison a la solution adapt\u00e9e \u00e0 vos besoins. \ud83d\udef5<\/p>\n\n\n\n<figure class=\"wp-block-image size-large\"><img loading=\"lazy\" decoding=\"async\" width=\"1024\" height=\"768\" src=\"https:\/\/greenmoow.com\/wp-content\/uploads\/2024\/04\/20240313_161602-1024x768.jpg\" alt=\"\" class=\"wp-image-11201\" srcset=\"https:\/\/greenmoow.com\/wp-content\/uploads\/2024\/04\/20240313_161602-1024x768.jpg 1024w, https:\/\/greenmoow.com\/wp-content\/uploads\/2024\/04\/20240313_161602-300x225.jpg 300w, https:\/\/greenmoow.com\/wp-content\/uploads\/2024\/04\/20240313_161602-768x576.jpg 768w, https:\/\/greenmoow.com\/wp-content\/uploads\/2024\/04\/20240313_161602-1536x1152.jpg 1536w, https:\/\/greenmoow.com\/wp-content\/uploads\/2024\/04\/20240313_161602-2048x1536.jpg 2048w, https:\/\/greenmoow.com\/wp-content\/uploads\/2024\/04\/20240313_161602-830x623.jpg 830w, https:\/\/greenmoow.com\/wp-content\/uploads\/2024\/04\/20240313_161602-230x173.jpg 230w, https:\/\/greenmoow.com\/wp-content\/uploads\/2024\/04\/20240313_161602-350x263.jpg 350w, https:\/\/greenmoow.com\/wp-content\/uploads\/2024\/04\/20240313_161602-480x360.jpg 480w, https:\/\/greenmoow.com\/wp-content\/uploads\/2024\/04\/20240313_161602-600x450.jpg 600w\" sizes=\"(max-width: 1024px) 100vw, 1024px\" \/><\/figure>\n\n\n\n<figure class=\"wp-block-image size-full\"><img loading=\"lazy\" decoding=\"async\" width=\"200\" height=\"200\" src=\"https:\/\/greenmoow.com\/wp-content\/uploads\/2024\/04\/frison-3RS-plus-bleu-brillant-trois-quart-face-gauche-200x200-1.jpg\" alt=\"\" class=\"wp-image-11202\" srcset=\"https:\/\/greenmoow.com\/wp-content\/uploads\/2024\/04\/frison-3RS-plus-bleu-brillant-trois-quart-face-gauche-200x200-1.jpg 200w, https:\/\/greenmoow.com\/wp-content\/uploads\/2024\/04\/frison-3RS-plus-bleu-brillant-trois-quart-face-gauche-200x200-1-150x150.jpg 150w, https:\/\/greenmoow.com\/wp-content\/uploads\/2024\/04\/frison-3RS-plus-bleu-brillant-trois-quart-face-gauche-200x200-1-100x100.jpg 100w\" sizes=\"(max-width: 200px) 100vw, 200px\" \/><\/figure>\n\n\n\n<p><\/p>\n","protected":false},"excerpt":{"rendered":"<p>Frison Scooter Lyon : L\u2019Expert de la Mobilit\u00e9 \u00c9lectrique Frison Scooter, une marque fran\u00e7aise sp\u00e9cialis\u00e9e dans les scooters et motos \u00e9lectriques, s\u2019est rapidement impos\u00e9e comme un acteur majeur sur le march\u00e9 en France et en Rh\u00f4ne Alpes. Cette entreprise dynamique avec des produits innovants. La Marque Frison Scooter La Gamme Frison Scooter : Des Solutions \u00c9lectriques pour Tous Frison Scooter, l\u2019expert fran\u00e7ais de la mobilit\u00e9 \u00e9lectrique, propose une gamme vari\u00e9e de scooters et motos \u00e9lectriques. Voici un aper\u00e7u de leurs mod\u00e8les innovants : Cependant, la gamme Frison ne se limite pas \u00e0 ces mod\u00e8les. Ils proposent \u00e9galement d\u2019autres v\u00e9hicules adapt\u00e9s \u00e0 tous les besoins, que vous soyez un professionnel, un citadin ou un amateur de design r\u00e9tro. Leurs scooters \u00e9lectriques [&hellip;]<\/p>\n","protected":false},"author":1,"featured_media":0,"parent":0,"menu_order":0,"comment_status":"closed","ping_status":"closed","template":"","meta":{"footnotes":""},"_links":{"self":[{"href":"https:\/\/greenmoow.com\/index.php\/wp-json\/wp\/v2\/pages\/11197"}],"collection":[{"href":"https:\/\/greenmoow.com\/index.php\/wp-json\/wp\/v2\/pages"}],"about":[{"href":"https:\/\/greenmoow.com\/index.php\/wp-json\/wp\/v2\/types\/page"}],"author":[{"embeddable":true,"href":"https:\/\/greenmoow.com\/index.php\/wp-json\/wp\/v2\/users\/1"}],"replies":[{"embeddable":true,"href":"https:\/\/greenmoow.com\/index.php\/wp-json\/wp\/v2\/comments?post=11197"}],"version-history":[{"count":1,"href":"https:\/\/greenmoow.com\/index.php\/wp-json\/wp\/v2\/pages\/11197\/revisions"}],"predecessor-version":[{"id":11203,"href":"https:\/\/greenmoow.com\/index.php\/wp-json\/wp\/v2\/pages\/11197\/revisions\/11203"}],"wp:attachment":[{"href":"https:\/\/greenmoow.com\/index.php\/wp-json\/wp\/v2\/media?parent=11197"}],"curies":[{"name":"wp","href":"https:\/\/api.w.org\/{rel}","templated":true}]}}