{"id":11228,"date":"2024-12-07T15:52:53","date_gmt":"2024-12-07T14:52:53","guid":{"rendered":"https:\/\/greenmoow.com\/?page_id=11228"},"modified":"2024-12-07T15:52:53","modified_gmt":"2024-12-07T14:52:53","slug":"punk-rider-et-punk-rider-pro","status":"publish","type":"page","link":"https:\/\/greenmoow.com\/index.php\/punk-rider-et-punk-rider-pro\/","title":{"rendered":"Punk Rider et Punk Rider Pro"},"content":{"rendered":"\n<p>899 \u20ac mono moteur et 1199 \u20ac pour double moteur<\/p>\n\n\n\n<figure class=\"wp-block-image size-large\"><img loading=\"lazy\" decoding=\"async\" width=\"958\" height=\"1024\" src=\"https:\/\/greenmoow.com\/wp-content\/uploads\/2024\/12\/punk-958x1024.jpg\" alt=\"\" class=\"wp-image-11231\" srcset=\"https:\/\/greenmoow.com\/wp-content\/uploads\/2024\/12\/punk-958x1024.jpg 958w, https:\/\/greenmoow.com\/wp-content\/uploads\/2024\/12\/punk-281x300.jpg 281w, https:\/\/greenmoow.com\/wp-content\/uploads\/2024\/12\/punk-768x821.jpg 768w, https:\/\/greenmoow.com\/wp-content\/uploads\/2024\/12\/punk-1437x1536.jpg 1437w, https:\/\/greenmoow.com\/wp-content\/uploads\/2024\/12\/punk-830x887.jpg 830w, https:\/\/greenmoow.com\/wp-content\/uploads\/2024\/12\/punk-230x246.jpg 230w, https:\/\/greenmoow.com\/wp-content\/uploads\/2024\/12\/punk-350x374.jpg 350w, https:\/\/greenmoow.com\/wp-content\/uploads\/2024\/12\/punk-480x513.jpg 480w, https:\/\/greenmoow.com\/wp-content\/uploads\/2024\/12\/punk.jpg 1868w\" sizes=\"(max-width: 958px) 100vw, 958px\" \/><\/figure>\n\n\n\n<p>D\u00e9couvrez le&nbsp;<strong>Punk Rider<\/strong>&nbsp;, une innovation r\u00e9volutionnaire dans le monde des scooters \u00e9lectriques, con\u00e7ue par les fondateurs de Hero. Fid\u00e8le \u00e0 leur engagement envers la qualit\u00e9 et la performance, le Punk Rider r\u00e9pond parfaitement aux besoins et attentes des conducteurs modernes.<\/p>\n\n\n\n<p><strong>Pourquoi choisir le Punk Rider ?<\/strong><\/p>\n\n\n\n<ul>\n<li><strong>R\u00e9sistance Extr\u00eame \u00e0 l&rsquo;Eau<\/strong>&nbsp;: Profitez d&rsquo;une protection IPX6, la plus \u00e9lev\u00e9e pour un scooter de cette cat\u00e9gorie.<\/li>\n\n\n\n<li><strong>Clignotants Int\u00e9gr\u00e9s<\/strong>&nbsp;: Indiquez clairement vos intentions aux autres usagers de la route.<\/li>\n\n\n\n<li><strong>Suspension Avanc\u00e9e<\/strong>&nbsp;: Profitez d&rsquo;une conduite confortable gr\u00e2ce \u00e0 un syst\u00e8me de suspension de haute qualit\u00e9 qui absorbe les chocs et les vibrations.<\/li>\n\n\n\n<li><strong>Application Connect\u00e9e<\/strong>&nbsp;: Contr\u00f4lez et personnalisez votre exp\u00e9rience de conduite avec une application mobile intuitive.<\/li>\n<\/ul>\n\n\n\n<p><strong>Caract\u00e9ristiques suppl\u00e9mentaires :<\/strong><\/p>\n\n\n\n<ul>\n<li><strong>Bande lumineuse LED<\/strong>&nbsp;: Une silhouette nocturne tr\u00e8s visible gr\u00e2ce aux bandes LED sur toute la longueur du scooter.<\/li>\n\n\n\n<li><strong>Clignotants Int\u00e9gr\u00e9s<\/strong>&nbsp;: Indiquez clairement vos intentions aux autres usagers de la route.<\/li>\n\n\n\n<li><strong>Tableau de Bord Num\u00e9rique<\/strong>&nbsp;: Un affichage super clair qui \u00e9limine les probl\u00e8mes de visibilit\u00e9 en plein soleil.<\/li>\n\n\n\n<li><strong>Style Moderne et Cool&nbsp;<\/strong>: Con\u00e7u pour ceux qui recherchent un design avant-gardiste et dynamique.<\/li>\n\n\n\n<li><strong>Pneus Auto-Scellants&nbsp;<\/strong>: Dites adieu aux crevaisons gr\u00e2ce \u00e0 nos pneus de haute technologie.<\/li>\n\n\n\n<li><strong>Freins \u00e0 Tambour Fiables<\/strong>&nbsp;: Un syst\u00e8me de freinage n\u00e9cessitant peu d&rsquo;entretien pour une s\u00e9curit\u00e9 optimale.<\/li>\n\n\n\n<li><strong>Visibilit\u00e9 Am\u00e9lior\u00e9e<\/strong>&nbsp;: Clignotants clairs et feux lat\u00e9raux pour une meilleure visibilit\u00e9 de jour comme de nuit.<\/li>\n\n\n\n<li><strong>Performance et Autonomie&nbsp;<\/strong>: \u00c9quip\u00e9 d&rsquo;un moteur de 600W, le Punk Rider offre une autonomie maximale de 50 km avec une batterie de 18 Ah.<\/li>\n<\/ul>\n\n\n\n<p>La&nbsp;<strong>Punk Rider<\/strong>&nbsp;est con\u00e7u pour satisfaire les attentes les plus exigeantes. Avec des performances exceptionnelles et un design soign\u00e9, il est pr\u00eat \u00e0 conqu\u00e9rir le march\u00e9 fran\u00e7ais. Nous sommes fiers de pr\u00e9senter ce scooter sportif qui incarne innovation, fiabilit\u00e9 et style.<\/p>\n\n\n\n<p><strong>Commandez votre Punk Rider aujourd&rsquo;hui et exp\u00e9rimentez le futur de la mobilit\u00e9 urbaine !<\/strong><\/p>\n\n\n\n<p>Informations techniques:<\/p>\n\n\n\n<p>Model : Punk Rider mono motor<\/p>\n\n\n\n<p>Batterie : 48V 15.6AH<\/p>\n\n\n\n<p>Moteur : 1x 600W<\/p>\n\n\n\n<p>Freins : Freins \u00e0 tambour avant et arri\u00e8re + Freins \u00e0 r\u00e9g\u00e9n\u00e9ration<\/p>\n\n\n\n<p>Autonomie : 45\/60 km (mode \u00e9co)<\/p>\n\n\n\n<p>Vitesse : 25 km\/h (70km\/h sur voie priv\u00e9e)<\/p>\n\n\n\n<p>Poids : 31 kg<\/p>\n\n\n\n<p>Temps de charge : 6 Heures<\/p>\n\n\n\n<p>Charge max : 120KG<\/p>\n\n\n\n<p>\u00c9tanch\u00e9it\u00e9 : IP67<\/p>\n","protected":false},"excerpt":{"rendered":"<p>899 \u20ac mono moteur et 1199 \u20ac pour double moteur D\u00e9couvrez le&nbsp;Punk Rider&nbsp;, une innovation r\u00e9volutionnaire dans le monde des scooters \u00e9lectriques, con\u00e7ue par les fondateurs de Hero. Fid\u00e8le \u00e0 leur engagement envers la qualit\u00e9 et la performance, le Punk Rider r\u00e9pond parfaitement aux besoins et attentes des conducteurs modernes. Pourquoi choisir le Punk Rider ? Caract\u00e9ristiques suppl\u00e9mentaires : La&nbsp;Punk Rider&nbsp;est con\u00e7u pour satisfaire les attentes les plus exigeantes. Avec des performances exceptionnelles et un design soign\u00e9, il est pr\u00eat \u00e0 conqu\u00e9rir le march\u00e9 fran\u00e7ais. Nous sommes fiers de pr\u00e9senter ce scooter sportif qui incarne innovation, fiabilit\u00e9 et style. Commandez votre Punk Rider aujourd&rsquo;hui et exp\u00e9rimentez le futur de la mobilit\u00e9 urbaine ! Informations techniques: Model : Punk Rider mono [&hellip;]<\/p>\n","protected":false},"author":1,"featured_media":0,"parent":0,"menu_order":0,"comment_status":"closed","ping_status":"closed","template":"","meta":{"footnotes":""},"_links":{"self":[{"href":"https:\/\/greenmoow.com\/index.php\/wp-json\/wp\/v2\/pages\/11228"}],"collection":[{"href":"https:\/\/greenmoow.com\/index.php\/wp-json\/wp\/v2\/pages"}],"about":[{"href":"https:\/\/greenmoow.com\/index.php\/wp-json\/wp\/v2\/types\/page"}],"author":[{"embeddable":true,"href":"https:\/\/greenmoow.com\/index.php\/wp-json\/wp\/v2\/users\/1"}],"replies":[{"embeddable":true,"href":"https:\/\/greenmoow.com\/index.php\/wp-json\/wp\/v2\/comments?post=11228"}],"version-history":[{"count":1,"href":"https:\/\/greenmoow.com\/index.php\/wp-json\/wp\/v2\/pages\/11228\/revisions"}],"predecessor-version":[{"id":11232,"href":"https:\/\/greenmoow.com\/index.php\/wp-json\/wp\/v2\/pages\/11228\/revisions\/11232"}],"wp:attachment":[{"href":"https:\/\/greenmoow.com\/index.php\/wp-json\/wp\/v2\/media?parent=11228"}],"curies":[{"name":"wp","href":"https:\/\/api.w.org\/{rel}","templated":true}]}}