{"id":314,"date":"2018-02-18T19:27:23","date_gmt":"2018-02-18T18:27:23","guid":{"rendered":"http:\/\/greenmoow.com\/?page_id=314"},"modified":"2018-04-03T17:25:52","modified_gmt":"2018-04-03T15:25:52","slug":"smartfit-bike","status":"publish","type":"page","link":"https:\/\/greenmoow.com\/index.php\/smartfit-bike\/","title":{"rendered":"SMARTFIT               Ergonomic Bike Position"},"content":{"rendered":"<div class=\"row\">\n<div class=\"row-inner content-width\">\n<h1 style=\"text-align: center;\">Distribu\u00e9 par GreenMoow en France<\/h1>\n<p><img loading=\"lazy\" decoding=\"async\" class=\"aligncenter wp-image-411 size-full\" src=\"http:\/\/greenmoow.com\/wp-content\/uploads\/2018\/03\/150625_Radlabor_SmartFit_Q1_Image_A-T-385x257.jpg\" alt=\"\" width=\"385\" height=\"257\" srcset=\"https:\/\/greenmoow.com\/wp-content\/uploads\/2018\/03\/150625_Radlabor_SmartFit_Q1_Image_A-T-385x257.jpg 385w, https:\/\/greenmoow.com\/wp-content\/uploads\/2018\/03\/150625_Radlabor_SmartFit_Q1_Image_A-T-385x257-300x200.jpg 300w, https:\/\/greenmoow.com\/wp-content\/uploads\/2018\/03\/150625_Radlabor_SmartFit_Q1_Image_A-T-385x257-230x154.jpg 230w, https:\/\/greenmoow.com\/wp-content\/uploads\/2018\/03\/150625_Radlabor_SmartFit_Q1_Image_A-T-385x257-350x234.jpg 350w\" sizes=\"(max-width: 385px) 100vw, 385px\" \/><\/p>\n<h1 style=\"text-align: center;\">L&rsquo;aide \u00e0 la vente\u00a0 avec l&rsquo;\u00e9tude posturale 2.0<\/h1>\n<\/div>\n<p>&nbsp;<\/p>\n<div class=\"row-inner content-width\" style=\"text-align: center;\">\n<h2>La technologie de bike fitting Smartfit au service de votre client et de votre entreprise<\/h2>\n<p>&nbsp;<\/p>\n<p>Si vous \u00eates revendeur de v\u00e9los, th\u00e9rapeute, technicien orthop\u00e9diste, scientifique ou bikefitter professionnel, vous pourrez grandement profiter des syst\u00e8mes bikefitting Smartfit dans le commerce sp\u00e9cialis\u00e9 de v\u00e9los et dans la prestation de service. Garantit une position ergonomique des v\u00e9los. Syst\u00e8me d\u00e9velopp\u00e9 par des scientifiques du sport, des professionnels du cyclisme et des bikefitters professionnels.<\/p>\n<\/div>\n<\/div>\n<div class=\"row highlight\" style=\"text-align: center;\">\n<div class=\"row-inner content-width\">\n<h2><img loading=\"lazy\" decoding=\"async\" class=\"alignnone wp-image-294 size-large\" src=\"http:\/\/greenmoow.com\/wp-content\/uploads\/2018\/02\/150625_Radlabor_SmartFit_Q5_Image_RLRad-1024x683.jpg\" alt=\"\" width=\"1024\" height=\"683\" srcset=\"https:\/\/greenmoow.com\/wp-content\/uploads\/2018\/02\/150625_Radlabor_SmartFit_Q5_Image_RLRad-1024x683.jpg 1024w, https:\/\/greenmoow.com\/wp-content\/uploads\/2018\/02\/150625_Radlabor_SmartFit_Q5_Image_RLRad-scaled-600x400.jpg 600w, https:\/\/greenmoow.com\/wp-content\/uploads\/2018\/02\/150625_Radlabor_SmartFit_Q5_Image_RLRad-300x200.jpg 300w, https:\/\/greenmoow.com\/wp-content\/uploads\/2018\/02\/150625_Radlabor_SmartFit_Q5_Image_RLRad-768x512.jpg 768w, https:\/\/greenmoow.com\/wp-content\/uploads\/2018\/02\/150625_Radlabor_SmartFit_Q5_Image_RLRad-830x553.jpg 830w, https:\/\/greenmoow.com\/wp-content\/uploads\/2018\/02\/150625_Radlabor_SmartFit_Q5_Image_RLRad-230x153.jpg 230w, https:\/\/greenmoow.com\/wp-content\/uploads\/2018\/02\/150625_Radlabor_SmartFit_Q5_Image_RLRad-350x233.jpg 350w, https:\/\/greenmoow.com\/wp-content\/uploads\/2018\/02\/150625_Radlabor_SmartFit_Q5_Image_RLRad-480x320.jpg 480w\" sizes=\"(max-width: 1024px) 100vw, 1024px\" \/><\/h2>\n<h2>Vos avantages avec Smartfit<\/h2>\n<ul>\n<li>Trouver rapidement le v\u00e9lo ad\u00e9quat pour faciliter les ventes et le contact avec le client<\/li>\n<li>Harmoniser le cycliste avec son v\u00e9lo de mani\u00e8re optimale<\/li>\n<li>Prise des mesures et fitting sans avoir des connaissances d\u2019expert avec une grande base de donn\u00e9es<\/li>\n<li>Concept ind\u00e9pendant<\/li>\n<\/ul>\n<\/div>\n<\/div>\n<h1 style=\"text-align: center;\"><img loading=\"lazy\" decoding=\"async\" class=\"alignnone size-medium wp-image-317\" src=\"http:\/\/greenmoow.com\/wp-content\/uploads\/2018\/02\/150625_Radlabor_SmartFit_Q4_Image_100-300x200.jpg\" alt=\"\" width=\"300\" height=\"200\" srcset=\"https:\/\/greenmoow.com\/wp-content\/uploads\/2018\/02\/150625_Radlabor_SmartFit_Q4_Image_100-300x200.jpg 300w, https:\/\/greenmoow.com\/wp-content\/uploads\/2018\/02\/150625_Radlabor_SmartFit_Q4_Image_100-scaled-600x400.jpg 600w, https:\/\/greenmoow.com\/wp-content\/uploads\/2018\/02\/150625_Radlabor_SmartFit_Q4_Image_100-768x512.jpg 768w, https:\/\/greenmoow.com\/wp-content\/uploads\/2018\/02\/150625_Radlabor_SmartFit_Q4_Image_100-1024x683.jpg 1024w, https:\/\/greenmoow.com\/wp-content\/uploads\/2018\/02\/150625_Radlabor_SmartFit_Q4_Image_100-830x553.jpg 830w, https:\/\/greenmoow.com\/wp-content\/uploads\/2018\/02\/150625_Radlabor_SmartFit_Q4_Image_100-230x153.jpg 230w, https:\/\/greenmoow.com\/wp-content\/uploads\/2018\/02\/150625_Radlabor_SmartFit_Q4_Image_100-350x233.jpg 350w, https:\/\/greenmoow.com\/wp-content\/uploads\/2018\/02\/150625_Radlabor_SmartFit_Q4_Image_100-480x320.jpg 480w\" sizes=\"(max-width: 300px) 100vw, 300px\" \/><\/h1>\n<h1 style=\"text-align: center;\">Notre savoir-faire<\/h1>\n<p style=\"text-align: center;\">Smartfit est la marque de bikefitting de Radlabor GmbH. Radlabor GmbH tire ses origines du centre olympique de Fribourg en For\u00eat noire et de l\u2019Institut de sport de l\u2019Universit\u00e9 de Fribourg. Radlabor associe la comp\u00e9tence scientifique \u00e0 plusieurs ann\u00e9es d\u2019exp\u00e9rience pratique dans ses trois propres centres de service \u00e0 Fribourg, Munich et Francfort.<\/p>\n<p style=\"text-align: center;\">Depuis 2003, les activit\u00e9s de recherche et d\u00e9veloppement de Radlabor se concentrent sur l\u2019analyse d\u00e9taill\u00e9e de la position assise du cycliste. De longues \u00e9tudes en laboratoire et sur le terrain ont cherch\u00e9 \u00e0 analyser la position assise sur les v\u00e9los au moyen de l\u2019\u00e9lectromyographie, des mesures de force de p\u00e9dalage, des enregistrements vid\u00e9o \u00e0 grande vitesse, etc. Gr\u00e2ce \u00e0 nos propres connaissances techniques et \u00e0 l\u2019\u00e9tat de la recherche au niveau international, nous avons d\u00e9velopp\u00e9 nos solutions de bike fitting, que ce soit pour le commerce sp\u00e9cialis\u00e9 de v\u00e9los ou pour tous les prestataires de bike fitting.<\/p>\n<h2 style=\"text-align: center;\">Pour tous les types de v\u00e9los<\/h2>\n<div id=\"attachment_43\" class=\"wp-caption alignleft\" style=\"text-align: center;\">\n<p><img loading=\"lazy\" decoding=\"async\" class=\"size-full wp-image-43 aligncenter\" src=\"http:\/\/www.smartfit.bike\/wordpress\/wp-content\/uploads\/2015\/03\/rennrad.jpg\" alt=\"Rennrad\" width=\"180\" height=\"120\" \/><\/p>\n<p class=\"wp-caption-text\" style=\"text-align: center;\">V\u00e9lo de route<\/p>\n<\/div>\n<div id=\"attachment_47\" class=\"wp-caption alignleft\" style=\"text-align: center;\">\n<p><img loading=\"lazy\" decoding=\"async\" class=\"size-full wp-image-47\" src=\"http:\/\/www.smartfit.bike\/wordpress\/wp-content\/uploads\/2015\/03\/mountainbike.jpg\" alt=\"Mountainbike\" width=\"180\" height=\"120\" \/><\/p>\n<p class=\"wp-caption-text\">V\u00e9lo tout terrain<\/p>\n<\/div>\n<div id=\"attachment_44\" class=\"wp-caption alignleft\" style=\"text-align: center;\">\n<p><img loading=\"lazy\" decoding=\"async\" class=\"size-full wp-image-44\" src=\"http:\/\/www.smartfit.bike\/wordpress\/wp-content\/uploads\/2015\/03\/triathlon.jpg\" alt=\"Triathlon\" width=\"180\" height=\"120\" \/><\/p>\n<p class=\"wp-caption-text\">Triathlon<\/p>\n<\/div>\n<div id=\"attachment_45\" class=\"wp-caption alignleft\" style=\"text-align: center;\">\n<p><img loading=\"lazy\" decoding=\"async\" class=\"size-full wp-image-45\" src=\"http:\/\/www.smartfit.bike\/wordpress\/wp-content\/uploads\/2015\/03\/citybike.jpg\" alt=\"Citybike\" width=\"180\" height=\"120\" \/><\/p>\n<p class=\"wp-caption-text\">V\u00e9lo de ville<\/p>\n<\/div>\n<div id=\"attachment_46\" class=\"wp-caption alignleft\" style=\"text-align: left;\">\n<p style=\"text-align: center;\"><img loading=\"lazy\" decoding=\"async\" class=\"size-full wp-image-46\" src=\"http:\/\/www.smartfit.bike\/wordpress\/wp-content\/uploads\/2015\/03\/ebike.jpg\" alt=\"E-Bike\" width=\"180\" height=\"120\" \/><\/p>\n<p class=\"wp-caption-text\" style=\"text-align: center;\">V\u00e9lo \u00e9lectrique<\/p>\n<\/div>\n","protected":false},"excerpt":{"rendered":"<p>Distribu\u00e9 par GreenMoow en France L&rsquo;aide \u00e0 la vente\u00a0 avec l&rsquo;\u00e9tude posturale 2.0 &nbsp; La technologie de bike fitting Smartfit au service de votre client et de votre entreprise &nbsp; Si vous \u00eates revendeur de v\u00e9los, th\u00e9rapeute, technicien orthop\u00e9diste, scientifique ou bikefitter professionnel, vous pourrez grandement profiter des syst\u00e8mes bikefitting Smartfit dans le commerce sp\u00e9cialis\u00e9 de v\u00e9los et dans la prestation de service. Garantit une position ergonomique des v\u00e9los. Syst\u00e8me d\u00e9velopp\u00e9 par des scientifiques du sport, des professionnels du cyclisme et des bikefitters professionnels. Vos avantages avec Smartfit Trouver rapidement le v\u00e9lo ad\u00e9quat pour faciliter les ventes et le contact avec le client Harmoniser le cycliste avec son v\u00e9lo de mani\u00e8re optimale Prise des mesures et fitting sans avoir des [&hellip;]<\/p>\n","protected":false},"author":1,"featured_media":0,"parent":0,"menu_order":0,"comment_status":"closed","ping_status":"closed","template":"page-templates\/page_fullwidth.php","meta":{"footnotes":""},"_links":{"self":[{"href":"https:\/\/greenmoow.com\/index.php\/wp-json\/wp\/v2\/pages\/314"}],"collection":[{"href":"https:\/\/greenmoow.com\/index.php\/wp-json\/wp\/v2\/pages"}],"about":[{"href":"https:\/\/greenmoow.com\/index.php\/wp-json\/wp\/v2\/types\/page"}],"author":[{"embeddable":true,"href":"https:\/\/greenmoow.com\/index.php\/wp-json\/wp\/v2\/users\/1"}],"replies":[{"embeddable":true,"href":"https:\/\/greenmoow.com\/index.php\/wp-json\/wp\/v2\/comments?post=314"}],"version-history":[{"count":15,"href":"https:\/\/greenmoow.com\/index.php\/wp-json\/wp\/v2\/pages\/314\/revisions"}],"predecessor-version":[{"id":316,"href":"https:\/\/greenmoow.com\/index.php\/wp-json\/wp\/v2\/pages\/314\/revisions\/316"}],"wp:attachment":[{"href":"https:\/\/greenmoow.com\/index.php\/wp-json\/wp\/v2\/media?parent=314"}],"curies":[{"name":"wp","href":"https:\/\/api.w.org\/{rel}","templated":true}]}}