{"id":592,"date":"2019-06-01T20:04:59","date_gmt":"2019-06-01T18:04:59","guid":{"rendered":"http:\/\/greenmoow.com\/?page_id=592"},"modified":"2023-07-19T10:53:48","modified_gmt":"2023-07-19T08:53:48","slug":"sur-ron","status":"publish","type":"page","link":"https:\/\/greenmoow.com\/index.php\/sur-ron\/","title":{"rendered":"Sur-Ron"},"content":{"rendered":"<p>La marque<\/p>\n<p><a href=\"https:\/\/www.surron-france.com\/\">https:\/\/www.surron-france.com\/<\/a><\/p>\n<p>Les mod\u00e8les<\/p>\n<p>Light Bee x<\/p>\n<p><img loading=\"lazy\" decoding=\"async\" class=\"alignnone size-medium wp-image-661\" src=\"http:\/\/greenmoow.com\/wp-content\/uploads\/2020\/03\/light-bee-homologue-x-gamme-300x140.jpg\" alt=\"\" width=\"300\" height=\"140\" srcset=\"https:\/\/greenmoow.com\/wp-content\/uploads\/2020\/03\/light-bee-homologue-x-gamme-300x140.jpg 300w, https:\/\/greenmoow.com\/wp-content\/uploads\/2020\/03\/light-bee-homologue-x-gamme-600x280.jpg 600w, https:\/\/greenmoow.com\/wp-content\/uploads\/2020\/03\/light-bee-homologue-x-gamme-1024x477.jpg 1024w, https:\/\/greenmoow.com\/wp-content\/uploads\/2020\/03\/light-bee-homologue-x-gamme-768x358.jpg 768w, https:\/\/greenmoow.com\/wp-content\/uploads\/2020\/03\/light-bee-homologue-x-gamme-1536x716.jpg 1536w, https:\/\/greenmoow.com\/wp-content\/uploads\/2020\/03\/light-bee-homologue-x-gamme-830x387.jpg 830w, https:\/\/greenmoow.com\/wp-content\/uploads\/2020\/03\/light-bee-homologue-x-gamme-230x107.jpg 230w, https:\/\/greenmoow.com\/wp-content\/uploads\/2020\/03\/light-bee-homologue-x-gamme-350x163.jpg 350w, https:\/\/greenmoow.com\/wp-content\/uploads\/2020\/03\/light-bee-homologue-x-gamme-480x224.jpg 480w, https:\/\/greenmoow.com\/wp-content\/uploads\/2020\/03\/light-bee-homologue-x-gamme.jpg 2000w\" sizes=\"(max-width: 300px) 100vw, 300px\" \/><img loading=\"lazy\" decoding=\"async\" class=\"alignnone size-medium wp-image-665\" src=\"http:\/\/greenmoow.com\/wp-content\/uploads\/2020\/03\/light-bee-off-road-x-gamme-300x140.jpg\" alt=\"\" width=\"300\" height=\"140\" srcset=\"https:\/\/greenmoow.com\/wp-content\/uploads\/2020\/03\/light-bee-off-road-x-gamme-300x140.jpg 300w, https:\/\/greenmoow.com\/wp-content\/uploads\/2020\/03\/light-bee-off-road-x-gamme-600x280.jpg 600w, https:\/\/greenmoow.com\/wp-content\/uploads\/2020\/03\/light-bee-off-road-x-gamme-1024x477.jpg 1024w, https:\/\/greenmoow.com\/wp-content\/uploads\/2020\/03\/light-bee-off-road-x-gamme-768x358.jpg 768w, https:\/\/greenmoow.com\/wp-content\/uploads\/2020\/03\/light-bee-off-road-x-gamme-1536x716.jpg 1536w, https:\/\/greenmoow.com\/wp-content\/uploads\/2020\/03\/light-bee-off-road-x-gamme-830x387.jpg 830w, https:\/\/greenmoow.com\/wp-content\/uploads\/2020\/03\/light-bee-off-road-x-gamme-230x107.jpg 230w, https:\/\/greenmoow.com\/wp-content\/uploads\/2020\/03\/light-bee-off-road-x-gamme-350x163.jpg 350w, https:\/\/greenmoow.com\/wp-content\/uploads\/2020\/03\/light-bee-off-road-x-gamme-480x224.jpg 480w, https:\/\/greenmoow.com\/wp-content\/uploads\/2020\/03\/light-bee-off-road-x-gamme.jpg 2000w\" sizes=\"(max-width: 300px) 100vw, 300px\" \/><\/p>\n<p>Storm Bee<\/p>\n<p><img loading=\"lazy\" decoding=\"async\" class=\"alignnone size-medium wp-image-662\" src=\"http:\/\/greenmoow.com\/wp-content\/uploads\/2020\/03\/storm-bee-homologue-gamme-300x140.jpg\" alt=\"\" width=\"300\" height=\"140\" srcset=\"https:\/\/greenmoow.com\/wp-content\/uploads\/2020\/03\/storm-bee-homologue-gamme-300x140.jpg 300w, https:\/\/greenmoow.com\/wp-content\/uploads\/2020\/03\/storm-bee-homologue-gamme-600x280.jpg 600w, https:\/\/greenmoow.com\/wp-content\/uploads\/2020\/03\/storm-bee-homologue-gamme-1024x477.jpg 1024w, https:\/\/greenmoow.com\/wp-content\/uploads\/2020\/03\/storm-bee-homologue-gamme-768x358.jpg 768w, https:\/\/greenmoow.com\/wp-content\/uploads\/2020\/03\/storm-bee-homologue-gamme-1536x716.jpg 1536w, https:\/\/greenmoow.com\/wp-content\/uploads\/2020\/03\/storm-bee-homologue-gamme-830x387.jpg 830w, https:\/\/greenmoow.com\/wp-content\/uploads\/2020\/03\/storm-bee-homologue-gamme-230x107.jpg 230w, https:\/\/greenmoow.com\/wp-content\/uploads\/2020\/03\/storm-bee-homologue-gamme-350x163.jpg 350w, https:\/\/greenmoow.com\/wp-content\/uploads\/2020\/03\/storm-bee-homologue-gamme-480x224.jpg 480w, https:\/\/greenmoow.com\/wp-content\/uploads\/2020\/03\/storm-bee-homologue-gamme.jpg 2000w\" sizes=\"(max-width: 300px) 100vw, 300px\" \/> <img loading=\"lazy\" decoding=\"async\" class=\"alignnone size-medium wp-image-664\" src=\"http:\/\/greenmoow.com\/wp-content\/uploads\/2020\/03\/storm-bee-off-road-gamme-300x140.jpg\" alt=\"\" width=\"300\" height=\"140\" srcset=\"https:\/\/greenmoow.com\/wp-content\/uploads\/2020\/03\/storm-bee-off-road-gamme-300x140.jpg 300w, https:\/\/greenmoow.com\/wp-content\/uploads\/2020\/03\/storm-bee-off-road-gamme-600x280.jpg 600w, https:\/\/greenmoow.com\/wp-content\/uploads\/2020\/03\/storm-bee-off-road-gamme-1024x477.jpg 1024w, https:\/\/greenmoow.com\/wp-content\/uploads\/2020\/03\/storm-bee-off-road-gamme-768x358.jpg 768w, https:\/\/greenmoow.com\/wp-content\/uploads\/2020\/03\/storm-bee-off-road-gamme-1536x716.jpg 1536w, https:\/\/greenmoow.com\/wp-content\/uploads\/2020\/03\/storm-bee-off-road-gamme-830x387.jpg 830w, https:\/\/greenmoow.com\/wp-content\/uploads\/2020\/03\/storm-bee-off-road-gamme-230x107.jpg 230w, https:\/\/greenmoow.com\/wp-content\/uploads\/2020\/03\/storm-bee-off-road-gamme-350x163.jpg 350w, https:\/\/greenmoow.com\/wp-content\/uploads\/2020\/03\/storm-bee-off-road-gamme-480x224.jpg 480w, https:\/\/greenmoow.com\/wp-content\/uploads\/2020\/03\/storm-bee-off-road-gamme.jpg 2000w\" sizes=\"(max-width: 300px) 100vw, 300px\" \/><\/p>\n<p>et maintenant<\/p>\n<p>Ultra Bee ENDURO<\/p>\n<p><img decoding=\"async\" src=\"https:\/\/www.surron-france.com\/Public\/images\/ultra-bee-enduro\/ultra-bee-enduro-gamme.jpg\" alt=\"Ultra Bee Enduro\" \/><\/p>\n<p><span class=\"text\"><b>Au SUMMUM de la performance !<\/b><\/span><\/p>\n<p>S\u2019appuyant sur le succ\u00e8s de ses a\u00een\u00e9es, l\u2019<b>Ultra Bee<\/b>\u00a0est s\u00fbre d\u2019amener votre conduite \u00e0 un niveau sup\u00e9rieur !<\/p>\n<p>Pr\u00e9parez-vous \u00e0 vivre une exp\u00e9rience riche en adr\u00e9naline, gr\u00e2ce \u00e0 un\u00a0<b>nouveau ch\u00e2ssis l\u00e9ger et pr\u00e9cis<\/b>, une\u00a0<b>puissance r\u00e9guli\u00e8re maitris\u00e9e<\/b>\u00a0\u00e0 l\u2019aide du\u00a0<b>syst\u00e8me \u00ab traction control \u00bb<\/b>\u00a0ainsi qu\u2019au\u00a0<b>nouveau syst\u00e8me de suspensions<\/b>\u00a0offrant de multiples r\u00e9glages.<\/p>\n<p>Coloris disponible : noir<\/p>\n<p><span class=\"prix\">7 890<\/span><span class=\"euros\">\u20ac T.T.C.<\/span><br \/>\n<span class=\"date_prix\">( prix public conseill\u00e9 au 01\/07\/2023 )<\/span><\/p>\n","protected":false},"excerpt":{"rendered":"<p>La marque https:\/\/www.surron-france.com\/ Les mod\u00e8les Light Bee x Storm Bee et maintenant Ultra Bee ENDURO Au SUMMUM de la performance ! S\u2019appuyant sur le succ\u00e8s de ses a\u00een\u00e9es, l\u2019Ultra Bee\u00a0est s\u00fbre d\u2019amener votre conduite \u00e0 un niveau sup\u00e9rieur ! Pr\u00e9parez-vous \u00e0 vivre une exp\u00e9rience riche en adr\u00e9naline, gr\u00e2ce \u00e0 un\u00a0nouveau ch\u00e2ssis l\u00e9ger et pr\u00e9cis, une\u00a0puissance r\u00e9guli\u00e8re maitris\u00e9e\u00a0\u00e0 l\u2019aide du\u00a0syst\u00e8me \u00ab traction control \u00bb\u00a0ainsi qu\u2019au\u00a0nouveau syst\u00e8me de suspensions\u00a0offrant de multiples r\u00e9glages. Coloris disponible : noir 7 890\u20ac T.T.C. ( prix public conseill\u00e9 au 01\/07\/2023 )<\/p>\n","protected":false},"author":1,"featured_media":0,"parent":0,"menu_order":0,"comment_status":"closed","ping_status":"closed","template":"","meta":{"footnotes":""},"_links":{"self":[{"href":"https:\/\/greenmoow.com\/index.php\/wp-json\/wp\/v2\/pages\/592"}],"collection":[{"href":"https:\/\/greenmoow.com\/index.php\/wp-json\/wp\/v2\/pages"}],"about":[{"href":"https:\/\/greenmoow.com\/index.php\/wp-json\/wp\/v2\/types\/page"}],"author":[{"embeddable":true,"href":"https:\/\/greenmoow.com\/index.php\/wp-json\/wp\/v2\/users\/1"}],"replies":[{"embeddable":true,"href":"https:\/\/greenmoow.com\/index.php\/wp-json\/wp\/v2\/comments?post=592"}],"version-history":[{"count":4,"href":"https:\/\/greenmoow.com\/index.php\/wp-json\/wp\/v2\/pages\/592\/revisions"}],"predecessor-version":[{"id":11175,"href":"https:\/\/greenmoow.com\/index.php\/wp-json\/wp\/v2\/pages\/592\/revisions\/11175"}],"wp:attachment":[{"href":"https:\/\/greenmoow.com\/index.php\/wp-json\/wp\/v2\/media?parent=592"}],"curies":[{"name":"wp","href":"https:\/\/api.w.org\/{rel}","templated":true}]}}