{"id":93,"date":"2018-01-25T19:57:18","date_gmt":"2018-01-25T18:57:18","guid":{"rendered":"http:\/\/greenmoow.com\/?page_id=93"},"modified":"2024-10-07T11:02:47","modified_gmt":"2024-10-07T09:02:47","slug":"soco-store-lyon","status":"publish","type":"page","link":"https:\/\/greenmoow.com\/index.php\/soco-store-lyon\/","title":{"rendered":"Soco Store Lyon"},"content":{"rendered":"<h3 style=\"text-align: center;\">Bienvenue chez\u00a0 Vmoto Soco Store Lyon,<\/h3>\n<h3 style=\"text-align: center;\">votre concessionnaire exclusif Vmoto et Super Soco \u00e0 Lyon et dans\u00a0 le Rh\u00f4ne<\/h3>\n<p style=\"text-align: center;\"><img loading=\"lazy\" decoding=\"async\" class=\"alignnone size-medium wp-image-654\" src=\"http:\/\/greenmoow.com\/wp-content\/uploads\/2020\/03\/gari-greenmoow-2-300x169.jpg\" alt=\"\" width=\"300\" height=\"169\" srcset=\"https:\/\/greenmoow.com\/wp-content\/uploads\/2020\/03\/gari-greenmoow-2-300x169.jpg 300w, https:\/\/greenmoow.com\/wp-content\/uploads\/2020\/03\/gari-greenmoow-2-600x338.jpg 600w, https:\/\/greenmoow.com\/wp-content\/uploads\/2020\/03\/gari-greenmoow-2-1024x576.jpg 1024w, https:\/\/greenmoow.com\/wp-content\/uploads\/2020\/03\/gari-greenmoow-2-768x432.jpg 768w, https:\/\/greenmoow.com\/wp-content\/uploads\/2020\/03\/gari-greenmoow-2-1536x864.jpg 1536w, https:\/\/greenmoow.com\/wp-content\/uploads\/2020\/03\/gari-greenmoow-2-830x467.jpg 830w, https:\/\/greenmoow.com\/wp-content\/uploads\/2020\/03\/gari-greenmoow-2-230x129.jpg 230w, https:\/\/greenmoow.com\/wp-content\/uploads\/2020\/03\/gari-greenmoow-2-350x197.jpg 350w, https:\/\/greenmoow.com\/wp-content\/uploads\/2020\/03\/gari-greenmoow-2-480x270.jpg 480w, https:\/\/greenmoow.com\/wp-content\/uploads\/2020\/03\/gari-greenmoow-2.jpg 1920w\" sizes=\"(max-width: 300px) 100vw, 300px\" \/><\/p>\n<div style=\"text-align: center;\"><\/div>\n<div style=\"text-align: center;\"><\/div>\n<div style=\"text-align: center;\"><\/div>\n<div style=\"text-align: center;\">Venez et p\u00e9n\u00e9trez dans\u00a0 un espace d\u00e9di\u00e9 aux 2 roues \u00e9lectriques\u00a0 avec les v\u00e9hicules neufs\u00a0 Vmoto et Super Soco : tous nos mod\u00e8les Super Soco et Vmoto sont \u00e0 votre disposition pour les d\u00e9couvrir dans notre showroom au 256 rue Garibaldi &#8211; Lyon centre<\/div>\n<div style=\"text-align: center;\"><\/div>\n<div style=\"text-align: center;\"><\/div>\n<div style=\"text-align: center;\"><img loading=\"lazy\" decoding=\"async\" class=\"alignnone size-medium wp-image-648\" src=\"http:\/\/greenmoow.com\/wp-content\/uploads\/2020\/03\/IMG_20200102_124449.vr-2-300x112.jpg\" alt=\"\" width=\"300\" height=\"112\" srcset=\"https:\/\/greenmoow.com\/wp-content\/uploads\/2020\/03\/IMG_20200102_124449.vr-2-300x112.jpg 300w, https:\/\/greenmoow.com\/wp-content\/uploads\/2020\/03\/IMG_20200102_124449.vr-2-scaled-600x225.jpg 600w, https:\/\/greenmoow.com\/wp-content\/uploads\/2020\/03\/IMG_20200102_124449.vr-2-1024x384.jpg 1024w, https:\/\/greenmoow.com\/wp-content\/uploads\/2020\/03\/IMG_20200102_124449.vr-2-768x288.jpg 768w, https:\/\/greenmoow.com\/wp-content\/uploads\/2020\/03\/IMG_20200102_124449.vr-2-1536x576.jpg 1536w, https:\/\/greenmoow.com\/wp-content\/uploads\/2020\/03\/IMG_20200102_124449.vr-2-2048x768.jpg 2048w, https:\/\/greenmoow.com\/wp-content\/uploads\/2020\/03\/IMG_20200102_124449.vr-2-830x311.jpg 830w, https:\/\/greenmoow.com\/wp-content\/uploads\/2020\/03\/IMG_20200102_124449.vr-2-230x86.jpg 230w, https:\/\/greenmoow.com\/wp-content\/uploads\/2020\/03\/IMG_20200102_124449.vr-2-350x131.jpg 350w, https:\/\/greenmoow.com\/wp-content\/uploads\/2020\/03\/IMG_20200102_124449.vr-2-480x180.jpg 480w\" sizes=\"(max-width: 300px) 100vw, 300px\" \/><\/div>\n<div><\/div>\n<div>Notre centre d&rsquo;essai permanent vous propose de tester les\u00a0 \u00a010 mod\u00e8les immatricul\u00e9s<\/div>\n<div><\/div>\n<div>Nous pouvons aussi nous d\u00e9placer sur RDV si vous ne pouvez pas venir jusqu&rsquo;\u00e0 nous .<\/div>\n<div><\/div>\n<div style=\"text-align: center;\"><\/div>\n<div style=\"text-align: center;\"><img loading=\"lazy\" decoding=\"async\" class=\"alignnone size-medium wp-image-11217\" src=\"http:\/\/greenmoow.com\/wp-content\/uploads\/2024\/10\/Sans-titre-1-300x214.jpg\" alt=\"\" width=\"300\" height=\"214\" srcset=\"https:\/\/greenmoow.com\/wp-content\/uploads\/2024\/10\/Sans-titre-1-300x214.jpg 300w, https:\/\/greenmoow.com\/wp-content\/uploads\/2024\/10\/Sans-titre-1-1024x732.jpg 1024w, https:\/\/greenmoow.com\/wp-content\/uploads\/2024\/10\/Sans-titre-1-768x549.jpg 768w, https:\/\/greenmoow.com\/wp-content\/uploads\/2024\/10\/Sans-titre-1-1536x1097.jpg 1536w, https:\/\/greenmoow.com\/wp-content\/uploads\/2024\/10\/Sans-titre-1-2048x1463.jpg 2048w, https:\/\/greenmoow.com\/wp-content\/uploads\/2024\/10\/Sans-titre-1-830x593.jpg 830w, https:\/\/greenmoow.com\/wp-content\/uploads\/2024\/10\/Sans-titre-1-230x164.jpg 230w, https:\/\/greenmoow.com\/wp-content\/uploads\/2024\/10\/Sans-titre-1-350x250.jpg 350w, https:\/\/greenmoow.com\/wp-content\/uploads\/2024\/10\/Sans-titre-1-480x343.jpg 480w\" sizes=\"(max-width: 300px) 100vw, 300px\" \/><\/div>\n<div style=\"text-align: center;\"><\/div>\n<div style=\"text-align: center;\"><\/div>\n<div style=\"text-align: center;\"><\/div>\n<div style=\"text-align: center;\">Guid\u00e9 par une \u00e9quipe de passionn\u00e9s, d\u00e9couvrez le plaisir de l&rsquo;\u00e9lectrique en 2 roues<\/div>\n<p style=\"text-align: center;\">\n","protected":false},"excerpt":{"rendered":"<p>Bienvenue chez\u00a0 Vmoto Soco Store Lyon, votre concessionnaire exclusif Vmoto et Super Soco \u00e0 Lyon et dans\u00a0 le Rh\u00f4ne Venez et p\u00e9n\u00e9trez dans\u00a0 un espace d\u00e9di\u00e9 aux 2 roues \u00e9lectriques\u00a0 avec les v\u00e9hicules neufs\u00a0 Vmoto et Super Soco : tous nos mod\u00e8les Super Soco et Vmoto sont \u00e0 votre disposition pour les d\u00e9couvrir dans notre showroom au 256 rue Garibaldi &#8211; Lyon centre Notre centre d&rsquo;essai permanent vous propose de tester les\u00a0 \u00a010 mod\u00e8les immatricul\u00e9s Nous pouvons aussi nous d\u00e9placer sur RDV si vous ne pouvez pas venir jusqu&rsquo;\u00e0 nous . Guid\u00e9 par une \u00e9quipe de passionn\u00e9s, d\u00e9couvrez le plaisir de l&rsquo;\u00e9lectrique en 2 roues<\/p>\n","protected":false},"author":1,"featured_media":0,"parent":0,"menu_order":0,"comment_status":"closed","ping_status":"closed","template":"","meta":{"footnotes":""},"_links":{"self":[{"href":"https:\/\/greenmoow.com\/index.php\/wp-json\/wp\/v2\/pages\/93"}],"collection":[{"href":"https:\/\/greenmoow.com\/index.php\/wp-json\/wp\/v2\/pages"}],"about":[{"href":"https:\/\/greenmoow.com\/index.php\/wp-json\/wp\/v2\/types\/page"}],"author":[{"embeddable":true,"href":"https:\/\/greenmoow.com\/index.php\/wp-json\/wp\/v2\/users\/1"}],"replies":[{"embeddable":true,"href":"https:\/\/greenmoow.com\/index.php\/wp-json\/wp\/v2\/comments?post=93"}],"version-history":[{"count":16,"href":"https:\/\/greenmoow.com\/index.php\/wp-json\/wp\/v2\/pages\/93\/revisions"}],"predecessor-version":[{"id":11222,"href":"https:\/\/greenmoow.com\/index.php\/wp-json\/wp\/v2\/pages\/93\/revisions\/11222"}],"wp:attachment":[{"href":"https:\/\/greenmoow.com\/index.php\/wp-json\/wp\/v2\/media?parent=93"}],"curies":[{"name":"wp","href":"https:\/\/api.w.org\/{rel}","templated":true}]}}