{"id":95,"date":"2018-01-25T19:57:18","date_gmt":"2018-01-25T18:57:18","guid":{"rendered":"http:\/\/greenmoow.com\/?page_id=95"},"modified":"2018-03-31T12:50:18","modified_gmt":"2018-03-31T10:50:18","slug":"atelier-sav","status":"publish","type":"page","link":"https:\/\/greenmoow.com\/index.php\/atelier-sav\/","title":{"rendered":"Atelier \/ Sav"},"content":{"rendered":"<p>Notre atelier r\u00e9pare les\u00a0 produits\u00a0 de nos marques .<\/p>\n<p>Les autres marques suivant les mod\u00e8les et les produits !<\/p>\n<p>Chaque d\u00e9p\u00f4t et\u00a0 les r\u00e9parations sont \u00e9tablies suivant votre demande et votre accord\u00a0 \u00a0 !<\/p>\n<p>Grille de prix \u00e0 consulter \u00e0 l&rsquo;atelier<\/p>\n","protected":false},"excerpt":{"rendered":"<p>Notre atelier r\u00e9pare les\u00a0 produits\u00a0 de nos marques . Les autres marques suivant les mod\u00e8les et les produits ! Chaque d\u00e9p\u00f4t et\u00a0 les r\u00e9parations sont \u00e9tablies suivant votre demande et votre accord\u00a0 \u00a0 ! Grille de prix \u00e0 consulter \u00e0 l&rsquo;atelier<\/p>\n","protected":false},"author":1,"featured_media":0,"parent":0,"menu_order":0,"comment_status":"closed","ping_status":"closed","template":"","meta":{"footnotes":""},"_links":{"self":[{"href":"https:\/\/greenmoow.com\/index.php\/wp-json\/wp\/v2\/pages\/95"}],"collection":[{"href":"https:\/\/greenmoow.com\/index.php\/wp-json\/wp\/v2\/pages"}],"about":[{"href":"https:\/\/greenmoow.com\/index.php\/wp-json\/wp\/v2\/types\/page"}],"author":[{"embeddable":true,"href":"https:\/\/greenmoow.com\/index.php\/wp-json\/wp\/v2\/users\/1"}],"replies":[{"embeddable":true,"href":"https:\/\/greenmoow.com\/index.php\/wp-json\/wp\/v2\/comments?post=95"}],"version-history":[{"count":2,"href":"https:\/\/greenmoow.com\/index.php\/wp-json\/wp\/v2\/pages\/95\/revisions"}],"predecessor-version":[{"id":437,"href":"https:\/\/greenmoow.com\/index.php\/wp-json\/wp\/v2\/pages\/95\/revisions\/437"}],"wp:attachment":[{"href":"https:\/\/greenmoow.com\/index.php\/wp-json\/wp\/v2\/media?parent=95"}],"curies":[{"name":"wp","href":"https:\/\/api.w.org\/{rel}","templated":true}]}}